{"id":2680,"date":"2023-11-27T15:56:32","date_gmt":"2023-11-27T14:56:32","guid":{"rendered":"https:\/\/www.ico-occitanie.fr\/terms-of-use\/"},"modified":"2024-06-14T11:27:56","modified_gmt":"2024-06-14T09:27:56","slug":"terms-of-use","status":"publish","type":"page","link":"https:\/\/www.ico-occitanie.fr\/en\/terms-of-use\/","title":{"rendered":"Terms of use"},"content":{"rendered":"<p>[et_pb_section fb_built=&#8221;1&#8243; _builder_version=&#8221;4.23.1&#8243; _module_preset=&#8221;default&#8221; global_colors_info=&#8221;{}&#8221;][et_pb_row _builder_version=&#8221;4.23.1&#8243; _module_preset=&#8221;default&#8221; global_colors_info=&#8221;{}&#8221;][et_pb_column type=&#8221;4_4&#8243; _builder_version=&#8221;4.23.1&#8243; _module_preset=&#8221;default&#8221; global_colors_info=&#8221;{}&#8221;][et_pb_text _builder_version=&#8221;4.24.2&#8243; _module_preset=&#8221;default&#8221; global_colors_info=&#8221;{}&#8221; hover_enabled=&#8221;0&#8243; sticky_enabled=&#8221;0&#8243;]<\/p>\n<h1>Terms of use<\/h1>\n<p>&nbsp;<\/p>\n<p>You are currently visiting the <a href=\"https:\/\/www.ico-occitanie.fr\/en\/\"><u>https:\/\/www.ico-occitanie.fr\/<\/u><\/a> website published by :<\/p>\n<p>\u00a9 CNRS &#8211; Centre national de la recherche scientifique (French National Center for Scientific Research)<br \/>3, rue Michel-Ange<br \/>75794 Paris cedex 16 &#8211; France<\/p>\n<p>Phone : +33 1 44 96 40 00<\/p>\n<p>Publishing Director : Mohamed Ka\u00e2niche (Directeur du LAAS-CNRS)<\/p>\n<p>Managing editor : Denise Gross (Cheffe de projet &#8211; ICO)<\/p>\n<p>Graphic and ergonomic design: Agence Com3elles (<a href=\"https:\/\/www.com3elles.com\/\" target=\"_blank\" rel=\"noopener\"><u>https:\/\/www.com3elles.com\/<\/u><\/a>)<\/p>\n<p><strong>Hosting<\/strong><\/p>\n<p>LAAS &#8211; CNRS<br \/>7 avenue du Colonel Roche 31031<br \/>Toulouse Cedex 4 \u2013 France<\/p>\n<p>Phone : +33 5 61 33 62 00<\/p>\n<p><strong>Persona<\/strong> <strong>data<\/strong><\/p>\n<p>Information on the protection of personal data in the context of this site can be found on the \u00ab<a href=\"https:\/\/www.ico-occitanie.fr\/en\/personal-data\/\"><u>personal data<\/u><u> \u00bb page<\/u><\/a>.<\/p>\n<p><strong>Cookies<\/strong><\/p>\n<p>This site does not use any cookie system other than technical cookies.<\/p>\n<p><strong>Accessibility<\/strong><\/p>\n<p>CNRS undertakes to make its Site accessible in accordance with the<em>\u2019art. 47 of law no. 2005-102 of February 11, 2005 for equal rights and opportunities, participation and citizenship for disabled people<\/em> and the R\u00e9f\u00e9rentiel G\u00e9n\u00e9ral d&#8217;Am\u00e9lioration de l&#8217;Accessibilit\u00e9 (RGAA).<\/p>\n<p>The CNRS declares that this Site does not comply with the RGAA.<\/p>\n<p><strong>Intellectual <\/strong> <strong>property<\/strong><\/p>\n<p>The content, texts, including videos, trademarks, logos and images that appear or are available on the Site are protected by intellectual property law. As such, you agree not to use, extract, copy, translate, reproduce, sell, publish, exploit or distribute any content of the Site protected by intellectual property law, without the prior written consent of CNRS. The acronym &#8220;CNRS&#8221;, the words &#8220;Centre National de la Recherche Scientifique&#8221; and the CNRS logo are registered trademarks. In this context, it is forbidden to refer to the corporate names or trademarks of the CNRS, for any purpose whatsoever, without prior, express and written authorization from the CNRS.<\/p>\n<p>In the same sense, it is forbidden to use the name or logo of the ICO or a Laboratory without their prior written authorization.<\/p>\n<p><strong>Hype<\/strong><strong>rlinks<\/strong><\/p>\n<p>The reproduction of a link from this Site to a site published by a third party in no way constitutes validation of this site or its content on the part of the CNRS.<\/p>\n<p>The CNRS cannot be held responsible for the content of a third-party website to which links are provided, or for any other information published on this website, nor for the consequences of their use.<\/p>\n<p>The creation of hypertext links by third parties to pages or documents on the CNRS site is authorized provided that the links do not contravene the interests of the CNRS and that they guarantee the possibility for the user to identify the origin and author of the document. It is hereby specified that the creation of such hypertext links for the purposes of commercial promotion of products or services offered by a third party is prohibited.<\/p>\n<p><strong>Responsibility<\/strong><\/p>\n<p>CNRS shall not be held liable for any damages resulting from the interpretation or use of the content available on this Site.<\/p>\n<p><strong>Reporting<\/strong> <strong> illegal content<\/strong><\/p>\n<p>If you consider that a content is illicit within the meaning of <em>l\u2019art. 6-I of law no. 2004-575 of June 21, 2004 on confidence in the digital economy<\/em>you can bring it to the attention of the <a href=\"mailto:com@ico-occitanie.fr\"><u>hebe<\/u><u>rgeur<\/u><\/a><\/p>\n<p><strong>Reporting false information<\/strong><\/p>\n<p>If you believe that inaccurate information is likely to disturb public order or alter the sincerity of one of the electoral votes within the meaning of the <em>loi n\u00b0 2018-1202 du 22 d\u00e9cembre 2018 relative \u00e0 la lutte contre la manipulation de l&#8217;information<\/em>, you can bring it to the attention of <a href=\"mailto:com@ico-occitanie.fr\"><u>the hos<\/u><u>t<\/u><\/a><\/p>\n<p>[\/et_pb_text][\/et_pb_column][\/et_pb_row][\/et_pb_section]<\/p>\n","protected":false},"excerpt":{"rendered":"<p>Terms of use &nbsp; You are currently visiting the https:\/\/www.ico-occitanie.fr\/ website published by : \u00a9 CNRS &#8211; Centre national de la recherche scientifique (French National Center for Scientific Research)3, rue Michel-Ange75794 Paris cedex 16 &#8211; France Phone : +33 1 44 96 40 00 Publishing Director : Mohamed Ka\u00e2niche (Directeur du LAAS-CNRS) Managing editor : [&hellip;]<\/p>\n","protected":false},"author":1,"featured_media":0,"parent":0,"menu_order":0,"comment_status":"closed","ping_status":"closed","template":"","meta":{"_acf_changed":false,"_et_pb_use_builder":"on","_et_pb_old_content":"","_et_gb_content_width":"","inline_featured_image":false,"footnotes":""},"class_list":["post-2680","page","type-page","status-publish","hentry"],"acf":[],"_links":{"self":[{"href":"https:\/\/www.ico-occitanie.fr\/en\/wp-json\/wp\/v2\/pages\/2680","targetHints":{"allow":["GET"]}}],"collection":[{"href":"https:\/\/www.ico-occitanie.fr\/en\/wp-json\/wp\/v2\/pages"}],"about":[{"href":"https:\/\/www.ico-occitanie.fr\/en\/wp-json\/wp\/v2\/types\/page"}],"author":[{"embeddable":true,"href":"https:\/\/www.ico-occitanie.fr\/en\/wp-json\/wp\/v2\/users\/1"}],"replies":[{"embeddable":true,"href":"https:\/\/www.ico-occitanie.fr\/en\/wp-json\/wp\/v2\/comments?post=2680"}],"version-history":[{"count":0,"href":"https:\/\/www.ico-occitanie.fr\/en\/wp-json\/wp\/v2\/pages\/2680\/revisions"}],"wp:attachment":[{"href":"https:\/\/www.ico-occitanie.fr\/en\/wp-json\/wp\/v2\/media?parent=2680"}],"curies":[{"name":"wp","href":"https:\/\/api.w.org\/{rel}","templated":true}]}}